{"id":3,"date":"2021-05-11T16:27:57","date_gmt":"2021-05-11T16:27:57","guid":{"rendered":"http:\/\/cookiesevents.com\/?page_id=3"},"modified":"2026-03-30T11:40:42","modified_gmt":"2026-03-30T11:40:42","slug":"privacy-policy","status":"publish","type":"page","link":"https:\/\/cookiesevents.com\/de\/privacy-policy\/","title":{"rendered":"Impressum und Datenschutz"},"content":{"rendered":"<div data-elementor-type=\"wp-page\" data-elementor-id=\"3\" class=\"elementor elementor-3\">\n\t\t\t\t\t\t<section class=\"elementor-section elementor-top-section elementor-element elementor-element-78d4b8a3 elementor-section-boxed elementor-section-height-default elementor-section-height-default sc_fly_static\" data-id=\"78d4b8a3\" data-element_type=\"section\">\n\t\t\t\t\t\t<div class=\"elementor-container elementor-column-gap-extended\">\n\t\t\t\t\t<div class=\"elementor-column elementor-col-100 elementor-top-column elementor-element elementor-element-238607bd sc_inner_width_none sc_content_align_inherit sc_layouts_column_icons_position_left sc_fly_static\" data-id=\"238607bd\" data-element_type=\"column\">\n\t\t\t<div class=\"elementor-widget-wrap elementor-element-populated\">\n\t\t\t\t\t\t<div class=\"elementor-element elementor-element-24b4c24 sc_fly_static elementor-widget elementor-widget-spacer\" data-id=\"24b4c24\" data-element_type=\"widget\" data-widget_type=\"spacer.default\">\n\t\t\t\t<div class=\"elementor-widget-container\">\n\t\t\t\t\t<div class=\"elementor-spacer\">\n\t\t\t<div class=\"elementor-spacer-inner\"><\/div>\n\t\t<\/div>\n\t\t\t\t<\/div>\n\t\t\t\t<\/div>\n\t\t\t\t<div class=\"elementor-element elementor-element-3cef1de9 sc_fly_static elementor-widget elementor-widget-text-editor\" data-id=\"3cef1de9\" data-element_type=\"widget\" data-widget_type=\"text-editor.default\">\n\t\t\t\t<div class=\"elementor-widget-container\">\n\t\t\t\t\t\t\t<h5><!-- wp:heading --><\/h5>\n<h4>Impressum<\/h4>\n<h5>Case Berlin GmbH<br>K\u00f6penicker Ch 4 <br>10317 Berlin, Germany<\/h5>\n<h5>Gesch\u00e4ftsf\u00fchrerin: Jennifer Florin<br>Tel. +49 (0)30 40 368 910<br>events@cookies.ch<\/h5>\n<h5><strong>EU-Streitschlichtung<br><\/strong>Die Europ\u00e4ische Kommission stellt eine Plattform zur Online-Streitbeilegung (OS) bereit: https:\/\/ec.europa.eu\/consumers\/odr\/.<br>Unsere E-Mail-Adresse finden Sie oben im Impressum.<br>Wir sind nicht bereit oder verpflichtet, an Streitbeilegungsverfahren vor einer Verbraucherschlichtungsstelle teilzunehmen.<\/h5>\n<hr>\n<h4>&nbsp;<\/h4>\n<h4>Datenschutzerkl\u00e4rung<\/h4>\n<h5>Wir, die CASE Berlin GmbH, Unter den Linden 41, 10117 Berlin, Deutschland (im Folgenden auch \u201ewir\u201c genannt) sind die Betreiber der Webseite unter den Top-Level-Domains \u201ccookiesevents.com\u201c (im Folgenden zusammen \u201eWebsite\u201c genannt).<\/h5>\n<h5>Wir nehmen den Schutz Ihrer pers\u00f6nlichen Daten sehr ernst. Bei der Erhebung, Verarbeitung und Nutzung von personenbezogenen Daten halten wir uns daher streng an die geltenden datenschutzrechtlichen Vorgaben, insbesondere an die Datenschutzgrundverordnung (DSGVO), das Bundesdatenschutzgesetz (BDSG) sowie an die Vorgaben des Telemediengesetzes (TMG).<\/h5>\n<h4>1. Verantwortlicher, Personenbezogene Daten<\/h4>\n<h5>Verantwortlicher im Sinne von Art. 4, Ziffer 7 DSGVO f\u00fcr die Erhebung, Verarbeitung und Nutzung Ihrer personenbezogenen Daten ist:<\/h5>\n<h5>CASE Berlin GmbH<br>K\u00f6penicker Ch 4, 10317 Berlin<br>Deutschland<\/h5>\n<h5>T +49 (0)30 40 368 910<br>E-Mail: events@cookies.ch<\/h5>\n<h5>Gesch\u00e4ftsf\u00fchrer: Jennifer Florin<br>Handelsregister: AG Charlottenburg, HRB 174131 B<br>Umsatzsteuer-ID: DE 304509711<\/h5>\n<h5>Personenbezogene Daten sind alle Informationen, die sich auf eine identifizierte oder identifizierbare nat\u00fcrliche Person (im Folgenden \u201ebetroffene Person\u201c) beziehen; als identifizierbar wird eine nat\u00fcrliche Person angesehen, die direkt oder indirekt, insbesondere mittels Zuordnung zu einer Kennung wie einem Namen, zu einer Kennnummer, zu Standortdaten, zu einer Online-Kennung oder zu einem oder mehreren besonderen Merkmalen identifiziert werden kann, die Ausdruck der physischen, physiologischen, genetischen, psychischen, wirtschaftlichen, kulturellen oder sozialen Identit\u00e4t dieser nat\u00fcrlichen Person sind (Art. 4, Ziffer 1 DSGVO).<\/h5>\n<h4>2. Welche Daten werden erfasst?<\/h4>\n<h5>a. Website, Cookies, IP-Tracking<\/h5>\n<h5>Um Ihnen einen komfortablen Webseitenbesuch zu erm\u00f6glichen, nutzen wir Cookies und Tracking Pixel. Mit der Nutzung unserer Website stimmen Sie der Speicherung von Cookies zu.<\/h5>\n<h5>aa. Cookies<\/h5>\n<h5>Cookies sind kleine Textdateien, die auf Ihrem Computer, Smartphone oder Tablet \u00fcber unsere Website platziert werden und die Ihr Browser speichert. Cookies werden auch im Rahmen von Google Analytics eingesetzt (siehe dazu unten).<\/h5>\n<h5>Die Rechtsgrundlage hierf\u00fcr ist Art. 6 Abs. 1 lit. f) DSGVO. Unser berechtigtes Interesse liegt darin, unsere Website m\u00f6glichst benutzerfreundlich zu gestalten und auf die auf die Bed\u00fcrfnisse unserer Nutzer abzustimmen und zu optimieren.<\/h5>\n<h5>bb. IP-Tracking<\/h5>\n<h5>Ihre IP-Adresse wird von uns lediglich in gek\u00fcrzter Form erfasst. Dadurch ist f\u00fcr uns die Identifizierung Ihres Internet-Anschlusses unm\u00f6glich. Zur Erfassung von IP-Adressen durch Google Analytics siehe bitte unten. IP-Tracking setzt uns in die Lage, die Aufrufe einzelner Seiten unserer Website sowie die Anzahl unterschiedlicher Nutzer zu erfassen.<\/h5>\n<h5>Die Rechtsgrundlage hierf\u00fcr ist Art. 6 Abs. 1 lit. f) DSGVO. Unser berechtigtes Interesse liegt darin, unsere Website m\u00f6glichst benutzerfreundlich zu gestalten und auf die auf die Bed\u00fcrfnisse unserer Nutzer abzustimmen und zu optimieren.<\/h5>\n<h5>b. Google Analytics<\/h5>\n<h5>Wir benutzen Google Analytics, einen Webanalysedienst der Google Inc. (\u201eGoogle\u201c), 1600 Amphitheatre Parkway, Mountain View, CA 94043, USA. Google Analytics nutzt einen sogenannte \u201eCookie\u201c, dies ist eine Textdatei, die auf Ihrem Computer gespeichert wird und die eine Analyse der Benutzung der Website durch Sie erm\u00f6glicht. Die durch den Cookie erzeugten Informationen \u00fcber Ihre Benutzung der Website werden in der Regel an einen Server von Google in den USA \u00fcbertragen und dort gespeichert. Wir haben die von Google angebotene IP-Anonymisierung auf der Website aktiviert, dadurch wird Ihre IP-Adresse von Google grunds\u00e4tzlich innerhalb von Mitgliedstaaten der Europ\u00e4ischen Union oder in anderen Vertragsstaaten des Abkommens \u00fcber den Europ\u00e4ischen Wirtschaftsraum zuvor gek\u00fcrzt. Nur in Ausnahmef\u00e4llen wird die volle IP-Adresse an einen Server von Google in den USA \u00fcbertragen und dort gek\u00fcrzt. Im Auftrag von uns wird Google diese Informationen benutzen, um Ihre Nutzung der Website auszuwerten, um Reports \u00fcber die Websiteaktivit\u00e4ten zusammenzustellen und um weitere mit der Websitenutzung und der Internetnutzung verbundene Dienstleistungen gegen\u00fcber uns zu erbringen. Die im Rahmen von Google Analytics von Ihrem Browser \u00fcbermittelte IP-Adresse wird nicht mit anderen Daten von Google zusammengef\u00fchrt. N\u00e4here Informationen zu Nutzungsbedingungen und Datenschutz finden Sie unter http:\/\/www.google.com\/analytics\/terms\/de.html bzw. unter http:\/\/www.google.com\/intl\/de\/analytics\/privacyoverview.html.<\/h5>\n<h5>Google Analytics setzen wir zum Zwecke der bedarfsgerechten Gestaltung und Optimierung unseres Webauftritts ein. Die erhobenen Daten nutzen wir auf Grundlage des Art. 6 Abs. 1 lit. f) EU DSGVO. Die \u00fcber Google Analytics erhobenen Daten werden nach 3 Jahren von uns gel\u00f6scht.<\/h5>\n<h4>3. Keine Weiterleitung an Dritte<\/h4>\n<h5>Sofern in dieser Datenschutzerkl\u00e4rung nicht abweichend geregelt, leiten wir grunds\u00e4tzlich keine Daten von Ihnen an Dritte weiter, insbesondere nicht zu Werbe- oder Marketingzwecken. Ihre Daten werden von uns nur dann an Dritte weitergeleitet, wenn Sie dem zugestimmt haben oder ein gesetzlicher Erlaubnistatbestand f\u00fcr die Weitergabe vorliegt.<\/h5>\n<h4>4. Sie haben die folgenden Rechte<\/h4>\n<h5>Sofern die jeweiligen gesetzlichen Voraussetzungen vorliegen, haben Sie als Nutzer unserer Website jederzeit die folgenden Rechte:<br>a) Recht auf Auskunft gem. Art. 15 DSGVO<br>b) Recht auf Berichtigung unrichtiger Daten oder auf Vervollst\u00e4ndigung gem. Art. 16 DSGVO<br>c) Recht auf L\u00f6schung gem. Art. 17 DSGVO<br>d) Recht auf Einschr\u00e4nkung gem. Art. 18 DSGVO<br>e) Recht auf Daten\u00fcbertragbarkeit gem. Art. 20 DSGVO<br>f) Recht auf Widerspruch\/Widerruf von Einwilligungen gem. Art. 21 DSGVO<\/h5>\n<h5>Um eine Anfrage bearbeiten zu k\u00f6nnen, sind wir gehalten, die Identit\u00e4t des Anfragenden zu pr\u00fcfen. Dies Ma\u00dfnahme dient dem Schutz Ihrer Daten vor unbefugtem Zugriff Dritter.<\/h5>\n<h5>Dar\u00fcber hinaus steht Ihnen ein Beschwerderecht bei einer Aufsichtsbeh\u00f6rde zu. F\u00fcr uns federf\u00fchrend zust\u00e4ndig ist der Berliner Beauftragte f\u00fcr Datenschutz und Informationsfreiheit https:\/\/www.datenschutz-berlin.de<\/h5>\n<p><\/p>\n<p>&#8212;&#8212;&#8212;&#8212;&#8212;&#8212;&#8212;&#8212;&#8212;&#8212;&#8212;&#8212;&#8212;&#8212;&#8212;&#8212;<\/p>\n<p><\/p>\n<p>This site is protected by reCAPTCHA and the Google <a href=\"https:\/\/policies.google.com\/privacy\">Privacy Policy<\/a> and <a href=\"https:\/\/policies.google.com\/terms\">Terms of Service<\/a> apply.<\/p>\n<h5><!-- \/wp:paragraph --><\/h5>\t\t\t\t\t\t<\/div>\n\t\t\t\t<\/div>\n\t\t\t\t\t<\/div>\n\t\t<\/div>\n\t\t\t\t\t<\/div>\n\t\t<\/section>\n\t\t\t\t<\/div>","protected":false},"excerpt":{"rendered":"<p>Impressum Case Berlin GmbHK\u00f6penicker Ch 4 10317 Berlin, Germany Gesch\u00e4ftsf\u00fchrerin: Jennifer FlorinTel. +49 (0)30 40 368 910events@cookies.ch EU-StreitschlichtungDie Europ\u00e4ische Kommission stellt eine Plattform zur Online-Streitbeilegung (OS) bereit: https:\/\/ec.europa.eu\/consumers\/odr\/.Unsere E-Mail-Adresse finden&hellip;<\/p>","protected":false},"author":1,"featured_media":0,"parent":0,"menu_order":0,"comment_status":"closed","ping_status":"closed","template":"","meta":{"footnotes":""},"class_list":["post-3","page","type-page","status-publish","hentry"],"yoast_head":"<!-- This site is optimized with the Yoast SEO plugin v27.4 - https:\/\/yoast.com\/product\/yoast-seo-wordpress\/ -->\n<title>Impressum und Datenschutz - Cookies Events &amp; Catering<\/title>\n<meta name=\"robots\" content=\"index, follow, max-snippet:-1, max-image-preview:large, max-video-preview:-1\" \/>\n<link rel=\"canonical\" href=\"https:\/\/cookiesevents.com\/de\/privacy-policy\/\" \/>\n<meta property=\"og:locale\" content=\"de_DE\" \/>\n<meta property=\"og:type\" content=\"article\" \/>\n<meta property=\"og:title\" content=\"Impressum und Datenschutz - Cookies Events &amp; Catering\" \/>\n<meta property=\"og:description\" content=\"Impressum Case Berlin GmbHK\u00f6penicker Ch 4 10317 Berlin, Germany Gesch\u00e4ftsf\u00fchrerin: Jennifer FlorinTel. +49 (0)30 40 368 910events@cookies.ch EU-StreitschlichtungDie Europ\u00e4ische Kommission stellt eine Plattform zur Online-Streitbeilegung (OS) bereit: https:\/\/ec.europa.eu\/consumers\/odr\/.Unsere E-Mail-Adresse finden&hellip;\" \/>\n<meta property=\"og:url\" content=\"https:\/\/cookiesevents.com\/de\/privacy-policy\/\" \/>\n<meta property=\"og:site_name\" content=\"Cookies Events &amp; Catering\" \/>\n<meta property=\"article:publisher\" content=\"https:\/\/www.facebook.com\/cookiesventsberlin\" \/>\n<meta property=\"article:modified_time\" content=\"2026-03-30T11:40:42+00:00\" \/>\n<meta name=\"twitter:card\" content=\"summary_large_image\" \/>\n<meta name=\"twitter:label1\" content=\"Gesch\u00e4tzte Lesezeit\" \/>\n\t<meta name=\"twitter:data1\" content=\"4\u00a0Minuten\" \/>\n<script type=\"application\/ld+json\" class=\"yoast-schema-graph\">{\"@context\":\"https:\\\/\\\/schema.org\",\"@graph\":[{\"@type\":\"WebPage\",\"@id\":\"https:\\\/\\\/cookiesevents.com\\\/privacy-policy\\\/\",\"url\":\"https:\\\/\\\/cookiesevents.com\\\/privacy-policy\\\/\",\"name\":\"Impressum und Datenschutz - Cookies Events &amp; Catering\",\"isPartOf\":{\"@id\":\"https:\\\/\\\/cookiesevents.com\\\/#website\"},\"datePublished\":\"2021-05-11T16:27:57+00:00\",\"dateModified\":\"2026-03-30T11:40:42+00:00\",\"breadcrumb\":{\"@id\":\"https:\\\/\\\/cookiesevents.com\\\/privacy-policy\\\/#breadcrumb\"},\"inLanguage\":\"de\",\"potentialAction\":[{\"@type\":\"ReadAction\",\"target\":[\"https:\\\/\\\/cookiesevents.com\\\/privacy-policy\\\/\"]}]},{\"@type\":\"BreadcrumbList\",\"@id\":\"https:\\\/\\\/cookiesevents.com\\\/privacy-policy\\\/#breadcrumb\",\"itemListElement\":[{\"@type\":\"ListItem\",\"position\":1,\"name\":\"Home\",\"item\":\"https:\\\/\\\/cookiesevents.com\\\/\"},{\"@type\":\"ListItem\",\"position\":2,\"name\":\"Impressum und Datenschutz\"}]},{\"@type\":\"WebSite\",\"@id\":\"https:\\\/\\\/cookiesevents.com\\\/#website\",\"url\":\"https:\\\/\\\/cookiesevents.com\\\/\",\"name\":\"Cookies Events & Catering\",\"description\":\"We Celebrate You!\",\"publisher\":{\"@id\":\"https:\\\/\\\/cookiesevents.com\\\/#organization\"},\"potentialAction\":[{\"@type\":\"SearchAction\",\"target\":{\"@type\":\"EntryPoint\",\"urlTemplate\":\"https:\\\/\\\/cookiesevents.com\\\/?s={search_term_string}\"},\"query-input\":{\"@type\":\"PropertyValueSpecification\",\"valueRequired\":true,\"valueName\":\"search_term_string\"}}],\"inLanguage\":\"de\"},{\"@type\":\"Organization\",\"@id\":\"https:\\\/\\\/cookiesevents.com\\\/#organization\",\"name\":\"Cookies Events & Catering\",\"url\":\"https:\\\/\\\/cookiesevents.com\\\/\",\"logo\":{\"@type\":\"ImageObject\",\"inLanguage\":\"de\",\"@id\":\"https:\\\/\\\/cookiesevents.com\\\/#\\\/schema\\\/logo\\\/image\\\/\",\"url\":\"https:\\\/\\\/cookiesevents.com\\\/wp-content\\\/uploads\\\/2023\\\/08\\\/events-logo.png\",\"contentUrl\":\"https:\\\/\\\/cookiesevents.com\\\/wp-content\\\/uploads\\\/2023\\\/08\\\/events-logo.png\",\"width\":1401,\"height\":455,\"caption\":\"Cookies Events & Catering\"},\"image\":{\"@id\":\"https:\\\/\\\/cookiesevents.com\\\/#\\\/schema\\\/logo\\\/image\\\/\"},\"sameAs\":[\"https:\\\/\\\/www.facebook.com\\\/cookiesventsberlin\",\"https:\\\/\\\/www.linkedin.com\\\/company\\\/cookies-events-catering\\\/\",\"https:\\\/\\\/www.instagram.com\\\/cookieseventsberlin\\\/\"]}]}<\/script>\n<!-- \/ Yoast SEO plugin. -->","yoast_head_json":{"title":"Impressum und Datenschutz - Cookies Events &amp; Catering","robots":{"index":"index","follow":"follow","max-snippet":"max-snippet:-1","max-image-preview":"max-image-preview:large","max-video-preview":"max-video-preview:-1"},"canonical":"https:\/\/cookiesevents.com\/de\/privacy-policy\/","og_locale":"de_DE","og_type":"article","og_title":"Impressum und Datenschutz - Cookies Events &amp; Catering","og_description":"Impressum Case Berlin GmbHK\u00f6penicker Ch 4 10317 Berlin, Germany Gesch\u00e4ftsf\u00fchrerin: Jennifer FlorinTel. +49 (0)30 40 368 910events@cookies.ch EU-StreitschlichtungDie Europ\u00e4ische Kommission stellt eine Plattform zur Online-Streitbeilegung (OS) bereit: https:\/\/ec.europa.eu\/consumers\/odr\/.Unsere E-Mail-Adresse finden&hellip;","og_url":"https:\/\/cookiesevents.com\/de\/privacy-policy\/","og_site_name":"Cookies Events &amp; Catering","article_publisher":"https:\/\/www.facebook.com\/cookiesventsberlin","article_modified_time":"2026-03-30T11:40:42+00:00","twitter_card":"summary_large_image","twitter_misc":{"Gesch\u00e4tzte Lesezeit":"4\u00a0Minuten"},"schema":{"@context":"https:\/\/schema.org","@graph":[{"@type":"WebPage","@id":"https:\/\/cookiesevents.com\/privacy-policy\/","url":"https:\/\/cookiesevents.com\/privacy-policy\/","name":"Impressum und Datenschutz - Cookies Events &amp; Catering","isPartOf":{"@id":"https:\/\/cookiesevents.com\/#website"},"datePublished":"2021-05-11T16:27:57+00:00","dateModified":"2026-03-30T11:40:42+00:00","breadcrumb":{"@id":"https:\/\/cookiesevents.com\/privacy-policy\/#breadcrumb"},"inLanguage":"de","potentialAction":[{"@type":"ReadAction","target":["https:\/\/cookiesevents.com\/privacy-policy\/"]}]},{"@type":"BreadcrumbList","@id":"https:\/\/cookiesevents.com\/privacy-policy\/#breadcrumb","itemListElement":[{"@type":"ListItem","position":1,"name":"Home","item":"https:\/\/cookiesevents.com\/"},{"@type":"ListItem","position":2,"name":"Impressum und Datenschutz"}]},{"@type":"WebSite","@id":"https:\/\/cookiesevents.com\/#website","url":"https:\/\/cookiesevents.com\/","name":"Cookies Events & Catering","description":"We Celebrate You!","publisher":{"@id":"https:\/\/cookiesevents.com\/#organization"},"potentialAction":[{"@type":"SearchAction","target":{"@type":"EntryPoint","urlTemplate":"https:\/\/cookiesevents.com\/?s={search_term_string}"},"query-input":{"@type":"PropertyValueSpecification","valueRequired":true,"valueName":"search_term_string"}}],"inLanguage":"de"},{"@type":"Organization","@id":"https:\/\/cookiesevents.com\/#organization","name":"Cookies Events & Catering","url":"https:\/\/cookiesevents.com\/","logo":{"@type":"ImageObject","inLanguage":"de","@id":"https:\/\/cookiesevents.com\/#\/schema\/logo\/image\/","url":"https:\/\/cookiesevents.com\/wp-content\/uploads\/2023\/08\/events-logo.png","contentUrl":"https:\/\/cookiesevents.com\/wp-content\/uploads\/2023\/08\/events-logo.png","width":1401,"height":455,"caption":"Cookies Events & Catering"},"image":{"@id":"https:\/\/cookiesevents.com\/#\/schema\/logo\/image\/"},"sameAs":["https:\/\/www.facebook.com\/cookiesventsberlin","https:\/\/www.linkedin.com\/company\/cookies-events-catering\/","https:\/\/www.instagram.com\/cookieseventsberlin\/"]}]}},"_links":{"self":[{"href":"https:\/\/cookiesevents.com\/de\/wp-json\/wp\/v2\/pages\/3","targetHints":{"allow":["GET"]}}],"collection":[{"href":"https:\/\/cookiesevents.com\/de\/wp-json\/wp\/v2\/pages"}],"about":[{"href":"https:\/\/cookiesevents.com\/de\/wp-json\/wp\/v2\/types\/page"}],"author":[{"embeddable":true,"href":"https:\/\/cookiesevents.com\/de\/wp-json\/wp\/v2\/users\/1"}],"replies":[{"embeddable":true,"href":"https:\/\/cookiesevents.com\/de\/wp-json\/wp\/v2\/comments?post=3"}],"version-history":[{"count":56,"href":"https:\/\/cookiesevents.com\/de\/wp-json\/wp\/v2\/pages\/3\/revisions"}],"predecessor-version":[{"id":72694,"href":"https:\/\/cookiesevents.com\/de\/wp-json\/wp\/v2\/pages\/3\/revisions\/72694"}],"wp:attachment":[{"href":"https:\/\/cookiesevents.com\/de\/wp-json\/wp\/v2\/media?parent=3"}],"curies":[{"name":"wp","href":"https:\/\/api.w.org\/{rel}","templated":true}]}}